{"id":4743,"date":"2023-07-17T17:52:04","date_gmt":"2023-07-17T15:52:04","guid":{"rendered":"https:\/\/captaindarwin.org\/?page_id=4743"},"modified":"2023-07-17T17:52:09","modified_gmt":"2023-07-17T15:52:09","slug":"mentions-legales","status":"publish","type":"page","link":"https:\/\/captaindarwin.org\/fr\/mentions-legales\/","title":{"rendered":"Mentions L\u00e9gales"},"content":{"rendered":"<p>[et_pb_section fb_built=\u00a0\u00bb1&Prime; theme_builder_area=\u00a0\u00bbpost_content\u00a0\u00bb _builder_version=\u00a0\u00bb4.19.5&Prime; _module_preset=\u00a0\u00bbdefault\u00a0\u00bb title_text=\u00a0\u00bbStory_RedIbis\u00a0\u00bb background_image=\u00a0\u00bbhttps:\/\/captaindarwin.org\/wp-content\/uploads\/2023\/07\/Story_RedIbis.jpg\u00a0\u00bb background_position=\u00a0\u00bbtop_center\u00a0\u00bb hover_enabled=\u00a0\u00bb0&Prime; sticky_enabled=\u00a0\u00bb0&Prime; bottom_divider_style=\u00a0\u00bbcurve\u00a0\u00bb bottom_divider_height=\u00a0\u00bb25px\u00a0\u00bb next_background_color=\u00a0\u00bb#efebed\u00a0\u00bb][et_pb_row _builder_version=\u00a0\u00bb4.19.5&Prime; _module_preset=\u00a0\u00bbdefault\u00a0\u00bb theme_builder_area=\u00a0\u00bbpost_content\u00a0\u00bb][et_pb_column _builder_version=\u00a0\u00bb4.19.5&Prime; _module_preset=\u00a0\u00bbdefault\u00a0\u00bb type=\u00a0\u00bb4_4&Prime; theme_builder_area=\u00a0\u00bbpost_content\u00a0\u00bb][et_pb_text _builder_version=\u00a0\u00bb4.19.5&Prime; _module_preset=\u00a0\u00bbdefault\u00a0\u00bb theme_builder_area=\u00a0\u00bbpost_content\u00a0\u00bb hover_enabled=\u00a0\u00bb0&Prime; sticky_enabled=\u00a0\u00bb0&Prime; custom_margin=\u00a0\u00bb||||false|false\u00a0\u00bb custom_padding=\u00a0\u00bb20px||100px||false|false\u00a0\u00bb]<\/p>\n<h4 style=\"text-align: center;\">Mentions l\u00e9gales<\/h4>\n<p>[\/et_pb_text][\/et_pb_column][\/et_pb_row][\/et_pb_section][et_pb_section fb_built=\u00a0\u00bb1&Prime; theme_builder_area=\u00a0\u00bbpost_content\u00a0\u00bb _builder_version=\u00a0\u00bb4.19.5&Prime; _module_preset=\u00a0\u00bbdefault\u00a0\u00bb background_color=\u00a0\u00bb#efebed\u00a0\u00bb hover_enabled=\u00a0\u00bb0&Prime; sticky_enabled=\u00a0\u00bb0&Prime;][et_pb_row _builder_version=\u00a0\u00bb4.19.5&Prime; _module_preset=\u00a0\u00bbdefault\u00a0\u00bb theme_builder_area=\u00a0\u00bbpost_content\u00a0\u00bb][et_pb_column _builder_version=\u00a0\u00bb4.19.5&Prime; _module_preset=\u00a0\u00bbdefault\u00a0\u00bb type=\u00a0\u00bb4_4&Prime; theme_builder_area=\u00a0\u00bbpost_content\u00a0\u00bb][et_pb_text _builder_version=\u00a0\u00bb4.19.5&Prime; _module_preset=\u00a0\u00bbdefault\u00a0\u00bb theme_builder_area=\u00a0\u00bbpost_content\u00a0\u00bb hover_enabled=\u00a0\u00bb0&Prime; sticky_enabled=\u00a0\u00bb0&Prime;]<\/p>\n<p class=\"Paragraphe\" style=\"text-align: left;\" align=\"center\">En vigueur au 17\/07\/2023<\/p>\n<p style=\"text-align: left;\">Conform\u00e9ment aux dispositions des Articles 6-III et 19 de la Loi n\u00b02004-575 du 21 juin 2004 pour la Confiance dans l\u2019\u00e9conomie num\u00e9rique, dite L.C.E.N., il est port\u00e9 \u00e0 la connaissance des utilisateurs et visiteurs, ci-apr\u00e8s l'\u00a0\u00bb<strong>Utilisateur<\/strong>\u00ab\u00a0, du site www.captaindarwin.org , ci-apr\u00e8s le \u00ab\u00a0<strong>Site<\/strong>\u00ab\u00a0, les pr\u00e9sentes mentions l\u00e9gales.<\/p>\n<p style=\"text-align: left;\">La connexion et la navigation sur le Site par l\u2019Utilisateur implique acceptation int\u00e9grale et sans r\u00e9serve des pr\u00e9sentes mentions l\u00e9gales.<\/p>\n<p style=\"text-align: left;\">Ces derni\u00e8res sont accessibles sur le Site \u00e0 la rubrique \u00ab <strong>Mentions l\u00e9gales<\/strong> \u00bb.<\/p>\n<p>[\/et_pb_text][et_pb_text _builder_version=\u00a0\u00bb4.19.5&Prime; _module_preset=\u00a0\u00bbdefault\u00a0\u00bb theme_builder_area=\u00a0\u00bbpost_content\u00a0\u00bb hover_enabled=\u00a0\u00bb0&Prime; sticky_enabled=\u00a0\u00bb0&Prime; custom_padding=\u00a0\u00bb30px||||false|false\u00a0\u00bb]<\/p>\n<h4 style=\"text-align: left;\"><span style=\"color: #000000;\">Article 1 \u2022 L&rsquo;\u00e9diteur<\/span><\/h4>\n<p style=\"text-align: left;\">L\u2019\u00e9dition et la direction de la publication du Site est assur\u00e9e par Victor Rault, domicili\u00e9e 1 rue des Senneurs, dont le num\u00e9ro de t\u00e9l\u00e9phone est 33620127763, et l&rsquo;adresse e-mail victor@captaindarwin.org.<\/p>\n<p style=\"text-align: left;\">ci-apr\u00e8s l&rsquo;<strong>\u00ab\u00a0Editeur\u00a0\u00bb<\/strong>.<\/p>\n<p>[\/et_pb_text][et_pb_text _builder_version=\u00a0\u00bb4.19.5&Prime; _module_preset=\u00a0\u00bbdefault\u00a0\u00bb theme_builder_area=\u00a0\u00bbpost_content\u00a0\u00bb hover_enabled=\u00a0\u00bb0&Prime; sticky_enabled=\u00a0\u00bb0&Prime; custom_padding=\u00a0\u00bb30px||||false|false\u00a0\u00bb]<\/p>\n<h4 style=\"text-align: left;\"><span style=\"color: #000000;\">Article 2 \u2022 L&rsquo;h\u00e9bergeur<\/span><\/h4>\n<p style=\"text-align: left;\">L&rsquo;h\u00e9bergeur du Site est la soci\u00e9t\u00e9 OVH, dont le si\u00e8ge social est situ\u00e9 au 2, rue Kellermann, 59100 Roubaix.<\/p>\n<p>[\/et_pb_text][et_pb_text _builder_version=\u00a0\u00bb4.19.5&Prime; _module_preset=\u00a0\u00bbdefault\u00a0\u00bb theme_builder_area=\u00a0\u00bbpost_content\u00a0\u00bb hover_enabled=\u00a0\u00bb0&Prime; sticky_enabled=\u00a0\u00bb0&Prime; custom_padding=\u00a0\u00bb30px||||false|false\u00a0\u00bb]<\/p>\n<h4 style=\"text-align: left;\"><span style=\"color: #000000;\">Article 3 \u2022 Acc\u00e8s au site<\/span><\/h4>\n<p style=\"text-align: left;\">Le Site est accessible en tout endroit, 7j\/7, 24h\/24 sauf cas de force majeure, interruption programm\u00e9e ou non et pouvant d\u00e9coulant d\u2019une n\u00e9cessit\u00e9 de maintenance.<\/p>\n<p style=\"text-align: left;\">En cas de modification, interruption ou suspension du Site, l&rsquo;Editeur ne saurait \u00eatre tenu responsable.<\/p>\n<p>[\/et_pb_text][et_pb_text _builder_version=\u00a0\u00bb4.19.5&Prime; _module_preset=\u00a0\u00bbdefault\u00a0\u00bb theme_builder_area=\u00a0\u00bbpost_content\u00a0\u00bb hover_enabled=\u00a0\u00bb0&Prime; sticky_enabled=\u00a0\u00bb0&Prime; custom_padding=\u00a0\u00bb30px||||false|false\u00a0\u00bb]<\/p>\n<h4 style=\"text-align: left;\"><span style=\"color: #000000;\">Article 4 \u2022 Collecte des donn\u00e9es<\/span><\/h4>\n<p style=\"text-align: left;\">Le site est exempt\u00e9 de d\u00e9claration \u00e0 la Commission Nationale Informatique et Libert\u00e9s (CNIL) dans la mesure o\u00f9 il ne collecte aucune donn\u00e9e concernant les utilisateurs.<\/p>\n<p style=\"text-align: left;\">Toute utilisation, reproduction, diffusion, commercialisation, modification de toute ou partie du Site, sans autorisation de l\u2019Editeur est prohib\u00e9e et pourra entra\u00een\u00e9e des actions et poursuites judiciaires telles que notamment pr\u00e9vues par le Code de la propri\u00e9t\u00e9 intellectuelle et le Code civil.<\/p>\n<p>[\/et_pb_text][\/et_pb_column][\/et_pb_row][\/et_pb_section]<\/p>\n","protected":false},"excerpt":{"rendered":"<p>Mentions l\u00e9galesEn vigueur au 17\/07\/2023 Conform\u00e9ment aux dispositions des Articles 6-III et 19 de la Loi n\u00b02004-575 du 21 juin 2004 pour la Confiance dans l\u2019\u00e9conomie num\u00e9rique, dite L.C.E.N., il est port\u00e9 \u00e0 la connaissance des utilisateurs et visiteurs, ci-apr\u00e8s l'\u00a0\u00bbUtilisateur\u00a0\u00bb, du site www.captaindarwin.org , ci-apr\u00e8s le \u00ab\u00a0Site\u00a0\u00bb, les pr\u00e9sentes mentions l\u00e9gales. La connexion et [&hellip;]<\/p>\n","protected":false},"author":1,"featured_media":0,"parent":0,"menu_order":0,"comment_status":"closed","ping_status":"closed","template":"","meta":{"_et_pb_use_builder":"on","_et_pb_old_content":"","_et_gb_content_width":"","footnotes":""},"class_list":["post-4743","page","type-page","status-publish","hentry"],"yoast_head":"<!-- This site is optimized with the Yoast SEO plugin v26.6 - https:\/\/yoast.com\/wordpress\/plugins\/seo\/ -->\n<title>Mentions L\u00e9gales - Captain Darwin<\/title>\n<meta name=\"robots\" content=\"index, follow, max-snippet:-1, max-image-preview:large, max-video-preview:-1\" \/>\n<link rel=\"canonical\" href=\"https:\/\/captaindarwin.org\/fr\/mentions-legales\/\" \/>\n<meta property=\"og:locale\" content=\"fr_FR\" \/>\n<meta property=\"og:type\" content=\"article\" \/>\n<meta property=\"og:title\" content=\"Mentions L\u00e9gales - Captain Darwin\" \/>\n<meta property=\"og:description\" content=\"Mentions l\u00e9galesEn vigueur au 17\/07\/2023 Conform\u00e9ment aux dispositions des Articles 6-III et 19 de la Loi n\u00b02004-575 du 21 juin 2004 pour la Confiance dans l\u2019\u00e9conomie num\u00e9rique, dite L.C.E.N., il est port\u00e9 \u00e0 la connaissance des utilisateurs et visiteurs, ci-apr\u00e8s l&#039;&quot;Utilisateur&quot;, du site www.captaindarwin.org , ci-apr\u00e8s le &quot;Site&quot;, les pr\u00e9sentes mentions l\u00e9gales. La connexion et [&hellip;]\" \/>\n<meta property=\"og:url\" content=\"https:\/\/captaindarwin.org\/fr\/mentions-legales\/\" \/>\n<meta property=\"og:site_name\" content=\"Captain Darwin\" \/>\n<meta property=\"article:modified_time\" content=\"2023-07-17T15:52:09+00:00\" \/>\n<meta name=\"twitter:card\" content=\"summary_large_image\" \/>\n<meta name=\"twitter:label1\" content=\"Dur\u00e9e de lecture estim\u00e9e\" \/>\n\t<meta name=\"twitter:data1\" content=\"2 minutes\" \/>\n<script type=\"application\/ld+json\" class=\"yoast-schema-graph\">{\"@context\":\"https:\/\/schema.org\",\"@graph\":[{\"@type\":\"WebPage\",\"@id\":\"https:\/\/captaindarwin.org\/fr\/mentions-legales\/\",\"url\":\"https:\/\/captaindarwin.org\/fr\/mentions-legales\/\",\"name\":\"Mentions L\u00e9gales - Captain Darwin\",\"isPartOf\":{\"@id\":\"https:\/\/captaindarwin.org\/fr\/#website\"},\"datePublished\":\"2023-07-17T15:52:04+00:00\",\"dateModified\":\"2023-07-17T15:52:09+00:00\",\"breadcrumb\":{\"@id\":\"https:\/\/captaindarwin.org\/fr\/mentions-legales\/#breadcrumb\"},\"inLanguage\":\"fr-FR\",\"potentialAction\":[{\"@type\":\"ReadAction\",\"target\":[\"https:\/\/captaindarwin.org\/fr\/mentions-legales\/\"]}]},{\"@type\":\"BreadcrumbList\",\"@id\":\"https:\/\/captaindarwin.org\/fr\/mentions-legales\/#breadcrumb\",\"itemListElement\":[{\"@type\":\"ListItem\",\"position\":1,\"name\":\"Accueil\",\"item\":\"https:\/\/captaindarwin.org\/fr\/\"},{\"@type\":\"ListItem\",\"position\":2,\"name\":\"Mentions L\u00e9gales\"}]},{\"@type\":\"WebSite\",\"@id\":\"https:\/\/captaindarwin.org\/fr\/#website\",\"url\":\"https:\/\/captaindarwin.org\/fr\/\",\"name\":\"Captain Darwin\",\"description\":\"Explore the world&#039;s biodiversity\",\"potentialAction\":[{\"@type\":\"SearchAction\",\"target\":{\"@type\":\"EntryPoint\",\"urlTemplate\":\"https:\/\/captaindarwin.org\/fr\/?s={search_term_string}\"},\"query-input\":{\"@type\":\"PropertyValueSpecification\",\"valueRequired\":true,\"valueName\":\"search_term_string\"}}],\"inLanguage\":\"fr-FR\"}]}<\/script>\n<!-- \/ Yoast SEO plugin. -->","yoast_head_json":{"title":"Mentions L\u00e9gales - Captain Darwin","robots":{"index":"index","follow":"follow","max-snippet":"max-snippet:-1","max-image-preview":"max-image-preview:large","max-video-preview":"max-video-preview:-1"},"canonical":"https:\/\/captaindarwin.org\/fr\/mentions-legales\/","og_locale":"fr_FR","og_type":"article","og_title":"Mentions L\u00e9gales - Captain Darwin","og_description":"Mentions l\u00e9galesEn vigueur au 17\/07\/2023 Conform\u00e9ment aux dispositions des Articles 6-III et 19 de la Loi n\u00b02004-575 du 21 juin 2004 pour la Confiance dans l\u2019\u00e9conomie num\u00e9rique, dite L.C.E.N., il est port\u00e9 \u00e0 la connaissance des utilisateurs et visiteurs, ci-apr\u00e8s l'\"Utilisateur\", du site www.captaindarwin.org , ci-apr\u00e8s le \"Site\", les pr\u00e9sentes mentions l\u00e9gales. La connexion et [&hellip;]","og_url":"https:\/\/captaindarwin.org\/fr\/mentions-legales\/","og_site_name":"Captain Darwin","article_modified_time":"2023-07-17T15:52:09+00:00","twitter_card":"summary_large_image","twitter_misc":{"Dur\u00e9e de lecture estim\u00e9e":"2 minutes"},"schema":{"@context":"https:\/\/schema.org","@graph":[{"@type":"WebPage","@id":"https:\/\/captaindarwin.org\/fr\/mentions-legales\/","url":"https:\/\/captaindarwin.org\/fr\/mentions-legales\/","name":"Mentions L\u00e9gales - Captain Darwin","isPartOf":{"@id":"https:\/\/captaindarwin.org\/fr\/#website"},"datePublished":"2023-07-17T15:52:04+00:00","dateModified":"2023-07-17T15:52:09+00:00","breadcrumb":{"@id":"https:\/\/captaindarwin.org\/fr\/mentions-legales\/#breadcrumb"},"inLanguage":"fr-FR","potentialAction":[{"@type":"ReadAction","target":["https:\/\/captaindarwin.org\/fr\/mentions-legales\/"]}]},{"@type":"BreadcrumbList","@id":"https:\/\/captaindarwin.org\/fr\/mentions-legales\/#breadcrumb","itemListElement":[{"@type":"ListItem","position":1,"name":"Accueil","item":"https:\/\/captaindarwin.org\/fr\/"},{"@type":"ListItem","position":2,"name":"Mentions L\u00e9gales"}]},{"@type":"WebSite","@id":"https:\/\/captaindarwin.org\/fr\/#website","url":"https:\/\/captaindarwin.org\/fr\/","name":"Captain Darwin","description":"Explore the world&#039;s biodiversity","potentialAction":[{"@type":"SearchAction","target":{"@type":"EntryPoint","urlTemplate":"https:\/\/captaindarwin.org\/fr\/?s={search_term_string}"},"query-input":{"@type":"PropertyValueSpecification","valueRequired":true,"valueName":"search_term_string"}}],"inLanguage":"fr-FR"}]}},"_links":{"self":[{"href":"https:\/\/captaindarwin.org\/fr\/wp-json\/wp\/v2\/pages\/4743","targetHints":{"allow":["GET"]}}],"collection":[{"href":"https:\/\/captaindarwin.org\/fr\/wp-json\/wp\/v2\/pages"}],"about":[{"href":"https:\/\/captaindarwin.org\/fr\/wp-json\/wp\/v2\/types\/page"}],"author":[{"embeddable":true,"href":"https:\/\/captaindarwin.org\/fr\/wp-json\/wp\/v2\/users\/1"}],"replies":[{"embeddable":true,"href":"https:\/\/captaindarwin.org\/fr\/wp-json\/wp\/v2\/comments?post=4743"}],"version-history":[{"count":10,"href":"https:\/\/captaindarwin.org\/fr\/wp-json\/wp\/v2\/pages\/4743\/revisions"}],"predecessor-version":[{"id":4754,"href":"https:\/\/captaindarwin.org\/fr\/wp-json\/wp\/v2\/pages\/4743\/revisions\/4754"}],"wp:attachment":[{"href":"https:\/\/captaindarwin.org\/fr\/wp-json\/wp\/v2\/media?parent=4743"}],"curies":[{"name":"wp","href":"https:\/\/api.w.org\/{rel}","templated":true}]}}